{"id":1513,"date":"2021-10-22T16:31:53","date_gmt":"2021-10-22T14:31:53","guid":{"rendered":"https:\/\/www.maitexinternational.it\/newsletter\/"},"modified":"2022-06-24T14:54:39","modified_gmt":"2022-06-24T12:54:39","slug":"newsletter","status":"publish","type":"page","link":"https:\/\/www.maitexinternational.it\/es\/newsletter\/","title":{"rendered":"Newsletter"},"content":{"rendered":"\t\t<div data-elementor-type=\"wp-page\" data-elementor-id=\"1513\" class=\"elementor elementor-1513 elementor-1115\">\n\t\t\t\t\t\t<section class=\"elementor-section elementor-top-section elementor-element elementor-element-fee99ee elementor-section-full_width elementor-section-height-default elementor-section-height-default\" data-id=\"fee99ee\" data-element_type=\"section\">\n\t\t\t\t\t\t<div class=\"elementor-container elementor-column-gap-no\">\n\t\t\t\t\t<div class=\"elementor-column elementor-col-100 elementor-top-column elementor-element elementor-element-babbcf2\" data-id=\"babbcf2\" data-element_type=\"column\">\n\t\t\t<div class=\"elementor-widget-wrap elementor-element-populated\">\n\t\t\t\t\t\t<div class=\"elementor-element elementor-element-314d0a1 elementor-widget elementor-widget-moniz-contact-form\" data-id=\"314d0a1\" data-element_type=\"widget\" data-widget_type=\"moniz-contact-form.default\">\n\t\t\t\t<div class=\"elementor-widget-container\">\n\t\t\t\r\n\t<!--FAQs Contact Start-->\r\n\t<section class=\"faqs-contact\">\r\n\t\t<div class=\"container\">\r\n\t\t\t\t\t\t\t<div class=\"section-title text-center\">\r\n\t\t\t\t\t\t\t\t\t\t\t<span class=\"section-title__tagline\">Estar al d\u00eda<\/span>\r\n\t\t\t\t\t\t\t\t\t\t\t\t\t\t\t\t<h2 class=\"section-title__title\">Suscr\u00edbete al bolet\u00edn<\/h2>\r\n\t\t\t\t\t\t\t\t\t<\/div>\r\n\t\t\t\t\t\t<div class=\"row\">\r\n\t\t\t\t<div class=\"col-xl-12\">\r\n\t\t\t\t\t<div class=\"faqs-contact__form\">\r\n\t\t\t\t\t\t<div class=\"comment-one__form\">\r\n\t\t\t\t\t\t\t\t\t\t\t\t\t\t\t\n<div class=\"wpcf7 no-js\" id=\"wpcf7-f1496-o1\" lang=\"es-ES\" dir=\"ltr\">\n<div class=\"screen-reader-response\"><p role=\"status\" aria-live=\"polite\" aria-atomic=\"true\"><\/p> <ul><\/ul><\/div>\n<form action=\"\/es\/wp-json\/wp\/v2\/pages\/1513#wpcf7-f1496-o1\" method=\"post\" class=\"wpcf7-form init\" aria-label=\"Formulario de contacto\" novalidate=\"novalidate\" data-status=\"init\">\n<div style=\"display: none;\">\n<input type=\"hidden\" name=\"_wpcf7\" value=\"1496\" \/>\n<input type=\"hidden\" name=\"_wpcf7_version\" value=\"5.8.7\" \/>\n<input type=\"hidden\" name=\"_wpcf7_locale\" value=\"es_ES\" \/>\n<input type=\"hidden\" name=\"_wpcf7_unit_tag\" value=\"wpcf7-f1496-o1\" \/>\n<input type=\"hidden\" name=\"_wpcf7_container_post\" value=\"0\" \/>\n<input type=\"hidden\" name=\"_wpcf7_posted_data_hash\" value=\"\" \/>\n<input type=\"hidden\" name=\"_wpcf7_recaptcha_response\" value=\"\" \/>\n<\/div>\n<div class=\"row\">\n\t<div class=\"col-xl-6\">\n\t\t<div class=\"comment-form__input-box\">\n\t\t\t<p><span class=\"wpcf7-form-control-wrap\" data-name=\"nome\"><input size=\"40\" class=\"wpcf7-form-control wpcf7-text\" aria-invalid=\"false\" placeholder=\"Nome\" value=\"\" type=\"text\" name=\"nome\" \/><\/span>\n\t\t\t<\/p>\n\t\t<\/div>\n\t<\/div>\n\t<div class=\"col-xl-6\">\n\t\t<div class=\"comment-form__input-box\">\n\t\t\t<p><span class=\"wpcf7-form-control-wrap\" data-name=\"cognome\"><input size=\"40\" class=\"wpcf7-form-control wpcf7-text\" aria-invalid=\"false\" placeholder=\"Cognome\" value=\"\" type=\"text\" name=\"cognome\" \/><\/span>\n\t\t\t<\/p>\n\t\t<\/div>\n\t<\/div>\n\t<div class=\"col-xl-12\">\n\t\t<div class=\"comment-form__input-box\">\n\t\t\t<p><span class=\"wpcf7-form-control-wrap\" data-name=\"mail\"><input size=\"40\" class=\"wpcf7-form-control wpcf7-email wpcf7-validates-as-required wpcf7-text wpcf7-validates-as-email\" aria-required=\"true\" aria-invalid=\"false\" placeholder=\"Email *\" value=\"\" type=\"email\" name=\"mail\" \/><\/span>\n\t\t\t<\/p>\n\t\t<\/div>\n\t<\/div>\n\t<div class=\"col-xl-12\">\n\t\t<div class=\"comment-form__input-box\">\n\t\t\t<p style=\"padding:0 10px; color:#AAAAAA; font-size:0.8em; line-height:1.2em;\">Te informamos que los datos que nos facilitas ser\u00e1n tratados electr\u00f3nicamente de conformidad con los principios establecidos por la normativa vigente en protecci\u00f3n de datos (Reglamento UE n\u00ba 679 de 2016) para poder suscribirte a la newsletter. La informaci\u00f3n completa sobre los m\u00e9todos y prop\u00f3sitos de los tratamientos realizados se encuentra en la p\u00e1gina de Pol\u00edtica de Privacidad. No obstante, en cualquier momento, podr\u00e1 solicitar posteriormente la cancelaci\u00f3n de sus datos. Tambi\u00e9n le recordamos que para expresar el consentimiento para el tratamiento de datos personales debe tener al menos 16 a\u00f1os.\n\t\t\t<\/p>\n\t\t\t<p><span class=\"wpcf7-form-control-wrap\" data-name=\"privacy\"><span class=\"wpcf7-form-control wpcf7-acceptance\"><span class=\"wpcf7-list-item\"><label><input type=\"checkbox\" name=\"privacy\" value=\"1\" aria-invalid=\"false\" \/><span class=\"wpcf7-list-item-label\">Reconozco la informaci\u00f3n anterior *<\/span><\/label><\/span><\/span><\/span>\n\t\t\t<\/p>\n\t\t<\/div>\n\t<\/div>\n\t<div class=\"col-xl-12\">\n\t\t<div class=\"comment-form__input-box\">\n\t\t\t<p><button type=\"submit\" class=\"thm-btn faqs-contact__btn\"><span>Suscribir<\/span><\/button>\n\t\t\t<\/p>\n\t\t<\/div>\n\t<\/div>\n<\/div><div class=\"wpcf7-response-output\" aria-hidden=\"true\"><\/div>\n<\/form>\n<\/div>\n\t\t\t\t\t\t\t\t\t\t\t\t\t<\/div>\r\n\t\t\t\t\t<\/div>\r\n\t\t\t\t<\/div>\r\n\t\t\t<\/div>\r\n\t\t<\/div>\r\n\t<\/section>\r\n\t<!--FAQs Contact End-->\r\n\r\n\t\t<\/div>\n\t\t\t\t<\/div>\n\t\t\t\t\t<\/div>\n\t\t<\/div>\n\t\t\t\t\t<\/div>\n\t\t<\/section>\n\t\t\t\t<\/div>\n\t\t","protected":false},"excerpt":{"rendered":"<p>Estar al d\u00eda Suscr\u00edbete al bolet\u00edn Te informamos que los datos que nos facilitas ser\u00e1n tratados electr\u00f3nicamente de conformidad con los principios establecidos por la normativa vigente en protecci\u00f3n de datos (Reglamento UE n\u00ba 679 de 2016) para poder suscribirte a la newsletter. La informaci\u00f3n completa sobre los m\u00e9todos y prop\u00f3sitos de los tratamientos realizados [&hellip;]<\/p>\n","protected":false},"author":1,"featured_media":0,"parent":0,"menu_order":7,"comment_status":"closed","ping_status":"closed","template":"elementor_header_footer","meta":{"footnotes":""},"yoast_head":"<!-- This site is optimized with the Yoast SEO plugin v22.1 - https:\/\/yoast.com\/wordpress\/plugins\/seo\/ -->\n<title>Newsletter - Maitex International<\/title>\n<meta name=\"robots\" content=\"index, follow, max-snippet:-1, max-image-preview:large, max-video-preview:-1\" \/>\n<link rel=\"canonical\" href=\"https:\/\/www.maitexinternational.it\/es\/newsletter\/\" \/>\n<meta property=\"og:locale\" content=\"es_ES\" \/>\n<meta property=\"og:type\" content=\"article\" \/>\n<meta property=\"og:title\" content=\"Newsletter - Maitex International\" \/>\n<meta property=\"og:description\" content=\"Estar al d\u00eda Suscr\u00edbete al bolet\u00edn Te informamos que los datos que nos facilitas ser\u00e1n tratados electr\u00f3nicamente de conformidad con los principios establecidos por la normativa vigente en protecci\u00f3n de datos (Reglamento UE n\u00ba 679 de 2016) para poder suscribirte a la newsletter. La informaci\u00f3n completa sobre los m\u00e9todos y prop\u00f3sitos de los tratamientos realizados [&hellip;]\" \/>\n<meta property=\"og:url\" content=\"https:\/\/www.maitexinternational.it\/es\/newsletter\/\" \/>\n<meta property=\"og:site_name\" content=\"Maitex International\" \/>\n<meta property=\"article:modified_time\" content=\"2022-06-24T12:54:39+00:00\" \/>\n<meta name=\"twitter:card\" content=\"summary_large_image\" \/>\n<meta name=\"twitter:label1\" content=\"Tiempo de lectura\" \/>\n\t<meta name=\"twitter:data1\" content=\"1 minuto\" \/>\n<script type=\"application\/ld+json\" class=\"yoast-schema-graph\">{\"@context\":\"https:\/\/schema.org\",\"@graph\":[{\"@type\":\"WebPage\",\"@id\":\"https:\/\/www.maitexinternational.it\/es\/newsletter\/\",\"url\":\"https:\/\/www.maitexinternational.it\/es\/newsletter\/\",\"name\":\"Newsletter - Maitex International\",\"isPartOf\":{\"@id\":\"https:\/\/www.maitexinternational.it\/es\/#website\"},\"datePublished\":\"2021-10-22T14:31:53+00:00\",\"dateModified\":\"2022-06-24T12:54:39+00:00\",\"breadcrumb\":{\"@id\":\"https:\/\/www.maitexinternational.it\/es\/newsletter\/#breadcrumb\"},\"inLanguage\":\"es\",\"potentialAction\":[{\"@type\":\"ReadAction\",\"target\":[\"https:\/\/www.maitexinternational.it\/es\/newsletter\/\"]}]},{\"@type\":\"BreadcrumbList\",\"@id\":\"https:\/\/www.maitexinternational.it\/es\/newsletter\/#breadcrumb\",\"itemListElement\":[{\"@type\":\"ListItem\",\"position\":1,\"name\":\"Home\",\"item\":\"https:\/\/www.maitexinternational.it\/es\/\"},{\"@type\":\"ListItem\",\"position\":2,\"name\":\"Newsletter\"}]},{\"@type\":\"WebSite\",\"@id\":\"https:\/\/www.maitexinternational.it\/es\/#website\",\"url\":\"https:\/\/www.maitexinternational.it\/es\/\",\"name\":\"Maitex International\",\"description\":\"Materie prime vegetali ed estratti secchi\",\"publisher\":{\"@id\":\"https:\/\/www.maitexinternational.it\/es\/#organization\"},\"potentialAction\":[{\"@type\":\"SearchAction\",\"target\":{\"@type\":\"EntryPoint\",\"urlTemplate\":\"https:\/\/www.maitexinternational.it\/es\/?s={search_term_string}\"},\"query-input\":\"required name=search_term_string\"}],\"inLanguage\":\"es\"},{\"@type\":\"Organization\",\"@id\":\"https:\/\/www.maitexinternational.it\/es\/#organization\",\"name\":\"Maitex International\",\"url\":\"https:\/\/www.maitexinternational.it\/es\/\",\"logo\":{\"@type\":\"ImageObject\",\"inLanguage\":\"es\",\"@id\":\"https:\/\/www.maitexinternational.it\/es\/#\/schema\/logo\/image\/\",\"url\":\"https:\/\/www.maitexinternational.it\/wp-content\/uploads\/maitex_international.png\",\"contentUrl\":\"https:\/\/www.maitexinternational.it\/wp-content\/uploads\/maitex_international.png\",\"width\":800,\"height\":205,\"caption\":\"Maitex International\"},\"image\":{\"@id\":\"https:\/\/www.maitexinternational.it\/es\/#\/schema\/logo\/image\/\"}}]}<\/script>\n<!-- \/ Yoast SEO plugin. -->","yoast_head_json":{"title":"Newsletter - Maitex International","robots":{"index":"index","follow":"follow","max-snippet":"max-snippet:-1","max-image-preview":"max-image-preview:large","max-video-preview":"max-video-preview:-1"},"canonical":"https:\/\/www.maitexinternational.it\/es\/newsletter\/","og_locale":"es_ES","og_type":"article","og_title":"Newsletter - Maitex International","og_description":"Estar al d\u00eda Suscr\u00edbete al bolet\u00edn Te informamos que los datos que nos facilitas ser\u00e1n tratados electr\u00f3nicamente de conformidad con los principios establecidos por la normativa vigente en protecci\u00f3n de datos (Reglamento UE n\u00ba 679 de 2016) para poder suscribirte a la newsletter. La informaci\u00f3n completa sobre los m\u00e9todos y prop\u00f3sitos de los tratamientos realizados [&hellip;]","og_url":"https:\/\/www.maitexinternational.it\/es\/newsletter\/","og_site_name":"Maitex International","article_modified_time":"2022-06-24T12:54:39+00:00","twitter_card":"summary_large_image","twitter_misc":{"Tiempo de lectura":"1 minuto"},"schema":{"@context":"https:\/\/schema.org","@graph":[{"@type":"WebPage","@id":"https:\/\/www.maitexinternational.it\/es\/newsletter\/","url":"https:\/\/www.maitexinternational.it\/es\/newsletter\/","name":"Newsletter - Maitex International","isPartOf":{"@id":"https:\/\/www.maitexinternational.it\/es\/#website"},"datePublished":"2021-10-22T14:31:53+00:00","dateModified":"2022-06-24T12:54:39+00:00","breadcrumb":{"@id":"https:\/\/www.maitexinternational.it\/es\/newsletter\/#breadcrumb"},"inLanguage":"es","potentialAction":[{"@type":"ReadAction","target":["https:\/\/www.maitexinternational.it\/es\/newsletter\/"]}]},{"@type":"BreadcrumbList","@id":"https:\/\/www.maitexinternational.it\/es\/newsletter\/#breadcrumb","itemListElement":[{"@type":"ListItem","position":1,"name":"Home","item":"https:\/\/www.maitexinternational.it\/es\/"},{"@type":"ListItem","position":2,"name":"Newsletter"}]},{"@type":"WebSite","@id":"https:\/\/www.maitexinternational.it\/es\/#website","url":"https:\/\/www.maitexinternational.it\/es\/","name":"Maitex International","description":"Materie prime vegetali ed estratti secchi","publisher":{"@id":"https:\/\/www.maitexinternational.it\/es\/#organization"},"potentialAction":[{"@type":"SearchAction","target":{"@type":"EntryPoint","urlTemplate":"https:\/\/www.maitexinternational.it\/es\/?s={search_term_string}"},"query-input":"required name=search_term_string"}],"inLanguage":"es"},{"@type":"Organization","@id":"https:\/\/www.maitexinternational.it\/es\/#organization","name":"Maitex International","url":"https:\/\/www.maitexinternational.it\/es\/","logo":{"@type":"ImageObject","inLanguage":"es","@id":"https:\/\/www.maitexinternational.it\/es\/#\/schema\/logo\/image\/","url":"https:\/\/www.maitexinternational.it\/wp-content\/uploads\/maitex_international.png","contentUrl":"https:\/\/www.maitexinternational.it\/wp-content\/uploads\/maitex_international.png","width":800,"height":205,"caption":"Maitex International"},"image":{"@id":"https:\/\/www.maitexinternational.it\/es\/#\/schema\/logo\/image\/"}}]}},"_links":{"self":[{"href":"https:\/\/www.maitexinternational.it\/es\/wp-json\/wp\/v2\/pages\/1513"}],"collection":[{"href":"https:\/\/www.maitexinternational.it\/es\/wp-json\/wp\/v2\/pages"}],"about":[{"href":"https:\/\/www.maitexinternational.it\/es\/wp-json\/wp\/v2\/types\/page"}],"author":[{"embeddable":true,"href":"https:\/\/www.maitexinternational.it\/es\/wp-json\/wp\/v2\/users\/1"}],"replies":[{"embeddable":true,"href":"https:\/\/www.maitexinternational.it\/es\/wp-json\/wp\/v2\/comments?post=1513"}],"version-history":[{"count":5,"href":"https:\/\/www.maitexinternational.it\/es\/wp-json\/wp\/v2\/pages\/1513\/revisions"}],"predecessor-version":[{"id":1522,"href":"https:\/\/www.maitexinternational.it\/es\/wp-json\/wp\/v2\/pages\/1513\/revisions\/1522"}],"wp:attachment":[{"href":"https:\/\/www.maitexinternational.it\/es\/wp-json\/wp\/v2\/media?parent=1513"}],"curies":[{"name":"wp","href":"https:\/\/api.w.org\/{rel}","templated":true}]}}