{"id":1499,"date":"2021-07-05T10:58:22","date_gmt":"2021-07-05T08:58:22","guid":{"rendered":"https:\/\/www.maitexinternational.it\/contacto\/"},"modified":"2022-06-24T14:48:17","modified_gmt":"2022-06-24T12:48:17","slug":"contacto","status":"publish","type":"page","link":"https:\/\/www.maitexinternational.it\/es\/contacto\/","title":{"rendered":"Contacto"},"content":{"rendered":"\t\t<div data-elementor-type=\"wp-page\" data-elementor-id=\"1499\" class=\"elementor elementor-1499 elementor-30\">\n\t\t\t\t\t\t<section class=\"elementor-section elementor-top-section elementor-element elementor-element-8f89290 elementor-section-boxed elementor-section-height-default elementor-section-height-default\" data-id=\"8f89290\" data-element_type=\"section\">\n\t\t\t\t\t\t<div class=\"elementor-container elementor-column-gap-no\">\n\t\t\t\t\t<div class=\"elementor-column elementor-col-100 elementor-top-column elementor-element elementor-element-cd486dd\" data-id=\"cd486dd\" data-element_type=\"column\">\n\t\t\t<div class=\"elementor-widget-wrap elementor-element-populated\">\n\t\t\t\t\t\t<div class=\"elementor-element elementor-element-4d23b13 elementor-widget elementor-widget-html\" data-id=\"4d23b13\" data-element_type=\"widget\" data-widget_type=\"html.default\">\n\t\t\t\t<div class=\"elementor-widget-container\">\n\t\t\t<section class=\"get-in-touch\">\n\t\t<div class=\"container\">\n\t\t\t<div class=\"row\">\n\t\t\t\t<div class=\"col-xl-6\">\n\t\t\t\t\t<div class=\"get-in-touch__img wow fadeInLeft animated\" data-wow-duration=\"1500ms\" style=\"visibility: visible; animation-duration: 1500ms; animation-name: fadeInLeft;\">\n\t\t\t\t\t\t<img decoding=\"async\" src=\"https:\/\/www.maitexinternational.it\/wp-content\/uploads\/portfolio-g-1.jpg\" alt=\"\">\n\t\t\t\t\t\t<div class=\"get-in-touch__img-shapes\">\n\t\t\t\t\t\t\t<div class=\"get-in-touch__img-shape-1\"><\/div>\n\t\t\t\t\t\t\t<div class=\"get-in-touch__img-shape-2\"><\/div>\n\t\t\t\t\t\t<\/div>\n\t\t\t\t\t<\/div>\n\t\t\t\t<\/div>\n\t\t\t\t<div class=\"col-xl-6\">\n\t\t\t\t\t<div class=\"get-in-touch__right\">\n            <div class=\"section-title text-left\">\n              <span class=\"section-title__tagline\">Mantente en contacto con nosotros<\/span>\n              <h1>Maitex International<\/h1>\n            <\/div>\n            <div class=\"get-in-touch__locations\">\n\t\t\t\t\t\t\t<div class=\"row\">\n                <div class=\"get-in-touch__locations-left\">\n                  <table class=\"tabcont\">\n<tbody>\n<tr>\n<td><i class=\"fas fa-map-marker-alt\"><\/i><\/td>\n<td>Via del Vallone, snc - 57034<br>Campo nell'Elba (LI) - ITALIA<\/td>\n<\/tr>\n<tr>\n<td><i class=\"fas fa-phone\"><\/i><\/td>\n<td><a href=\"tel:+390565957738\">(+39) 0565 957738<\/a><\/td>\n<\/tr>\n<tr>\n<td><i class=\"fas fa-fax\"><\/i><\/td>\n<td><a href=\"fax:+390565921882\">(+39) 0565 921882<\/a><\/td>\n<\/tr>\n<tr>\n<td><i class=\"fas fa-envelope\"><\/i><\/td>\n<td><a href=\"mailto:maitex@maitexinternational.it\">maitex@maitexinternational.it<\/a><\/td>\n<\/tr>\n<\/tbody>\n<\/table>\n                <\/div>\n              <\/div>\n\t\t\t\t\t\t<\/div>\n\t\t\t\t\t<\/div>\n\t\t\t\t<\/div>\n\t\t\t<\/div>\n\t\t<\/div>\n\t<\/section>\t\t<\/div>\n\t\t\t\t<\/div>\n\t\t\t\t<div class=\"elementor-element elementor-element-20bac08 elementor-widget elementor-widget-google_maps\" data-id=\"20bac08\" data-element_type=\"widget\" data-widget_type=\"google_maps.default\">\n\t\t\t\t<div class=\"elementor-widget-container\">\n\t\t\t<style>\/*! elementor - v3.19.0 - 07-02-2024 *\/\n.elementor-widget-google_maps .elementor-widget-container{overflow:hidden}.elementor-widget-google_maps .elementor-custom-embed{line-height:0}.elementor-widget-google_maps iframe{height:300px}<\/style>\t\t<div class=\"elementor-custom-embed\">\n\t\t\t<iframe loading=\"lazy\"\n\t\t\t\t\tsrc=\"https:\/\/maps.google.com\/maps?q=Via%20del%20Vallone%2C%20Campo%20nell%27Elba%2C%20LI&#038;t=m&#038;z=13&#038;output=embed&#038;iwloc=near\"\n\t\t\t\t\ttitle=\"Via del Vallone, Campo nell&#039;Elba, LI\"\n\t\t\t\t\taria-label=\"Via del Vallone, Campo nell&#039;Elba, LI\"\n\t\t\t><\/iframe>\n\t\t<\/div>\n\t\t\t\t<\/div>\n\t\t\t\t<\/div>\n\t\t\t\t\t<\/div>\n\t\t<\/div>\n\t\t\t\t\t<\/div>\n\t\t<\/section>\n\t\t\t\t<section class=\"elementor-section elementor-top-section elementor-element elementor-element-fee99ee elementor-section-full_width elementor-section-height-default elementor-section-height-default\" data-id=\"fee99ee\" data-element_type=\"section\">\n\t\t\t\t\t\t<div class=\"elementor-container elementor-column-gap-no\">\n\t\t\t\t\t<div class=\"elementor-column elementor-col-100 elementor-top-column elementor-element elementor-element-babbcf2\" data-id=\"babbcf2\" data-element_type=\"column\">\n\t\t\t<div class=\"elementor-widget-wrap elementor-element-populated\">\n\t\t\t\t\t\t<div class=\"elementor-element elementor-element-314d0a1 elementor-widget elementor-widget-moniz-contact-form\" data-id=\"314d0a1\" data-element_type=\"widget\" data-widget_type=\"moniz-contact-form.default\">\n\t\t\t\t<div class=\"elementor-widget-container\">\n\t\t\t\r\n\t<!--FAQs Contact Start-->\r\n\t<section class=\"faqs-contact\">\r\n\t\t<div class=\"container\">\r\n\t\t\t\t\t\t\t<div class=\"section-title text-center\">\r\n\t\t\t\t\t\t\t\t\t\t\t<span class=\"section-title__tagline\">Nos pondremos en contacto con usted tan pronto como sea posible<\/span>\r\n\t\t\t\t\t\t\t\t\t\t\t\t\t\t\t\t<h2 class=\"section-title__title\">Envianos un email<\/h2>\r\n\t\t\t\t\t\t\t\t\t<\/div>\r\n\t\t\t\t\t\t<div class=\"row\">\r\n\t\t\t\t<div class=\"col-xl-12\">\r\n\t\t\t\t\t<div class=\"faqs-contact__form\">\r\n\t\t\t\t\t\t<div class=\"comment-one__form\">\r\n\t\t\t\t\t\t\t\t\t\t\t\t\t\t\t\n<div class=\"wpcf7 no-js\" id=\"wpcf7-f1494-o1\" lang=\"es-ES\" dir=\"ltr\">\n<div class=\"screen-reader-response\"><p role=\"status\" aria-live=\"polite\" aria-atomic=\"true\"><\/p> <ul><\/ul><\/div>\n<form action=\"\/es\/wp-json\/wp\/v2\/pages\/1499#wpcf7-f1494-o1\" method=\"post\" class=\"wpcf7-form init\" aria-label=\"Formulario de contacto\" novalidate=\"novalidate\" data-status=\"init\">\n<div style=\"display: none;\">\n<input type=\"hidden\" name=\"_wpcf7\" value=\"1494\" \/>\n<input type=\"hidden\" name=\"_wpcf7_version\" value=\"5.8.7\" \/>\n<input type=\"hidden\" name=\"_wpcf7_locale\" value=\"es_ES\" \/>\n<input type=\"hidden\" name=\"_wpcf7_unit_tag\" value=\"wpcf7-f1494-o1\" \/>\n<input type=\"hidden\" name=\"_wpcf7_container_post\" value=\"0\" \/>\n<input type=\"hidden\" name=\"_wpcf7_posted_data_hash\" value=\"\" \/>\n<input type=\"hidden\" name=\"_wpcf7_recaptcha_response\" value=\"\" \/>\n<\/div>\n<div class=\"row\">\n\t<div class=\"col-xl-6\">\n\t\t<div class=\"comment-form__input-box\">\n\t\t\t<p><span class=\"wpcf7-form-control-wrap\" data-name=\"nome\"><input size=\"40\" class=\"wpcf7-form-control wpcf7-text wpcf7-validates-as-required\" aria-required=\"true\" aria-invalid=\"false\" placeholder=\"Nombre *\" value=\"\" type=\"text\" name=\"nome\" \/><\/span>\n\t\t\t<\/p>\n\t\t<\/div>\n\t<\/div>\n\t<div class=\"col-xl-6\">\n\t\t<div class=\"comment-form__input-box\">\n\t\t\t<p><span class=\"wpcf7-form-control-wrap\" data-name=\"cognome\"><input size=\"40\" class=\"wpcf7-form-control wpcf7-text wpcf7-validates-as-required\" aria-required=\"true\" aria-invalid=\"false\" placeholder=\"Apellido *\" value=\"\" type=\"text\" name=\"cognome\" \/><\/span>\n\t\t\t<\/p>\n\t\t<\/div>\n\t<\/div>\n\t<div class=\"col-xl-6\">\n\t\t<div class=\"comment-form__input-box\">\n\t\t\t<p><span class=\"wpcf7-form-control-wrap\" data-name=\"mail\"><input size=\"40\" class=\"wpcf7-form-control wpcf7-email wpcf7-validates-as-required wpcf7-text wpcf7-validates-as-email\" aria-required=\"true\" aria-invalid=\"false\" placeholder=\"Email *\" value=\"\" type=\"email\" name=\"mail\" \/><\/span>\n\t\t\t<\/p>\n\t\t<\/div>\n\t<\/div>\n\t<div class=\"col-xl-6\">\n\t\t<div class=\"comment-form__input-box\">\n\t\t\t<p><span class=\"wpcf7-form-control-wrap\" data-name=\"telefono\"><input size=\"40\" class=\"wpcf7-form-control wpcf7-text\" aria-invalid=\"false\" placeholder=\"Tel\u00e9fono\" value=\"\" type=\"text\" name=\"telefono\" \/><\/span>\n\t\t\t<\/p>\n\t\t<\/div>\n\t<\/div>\n\t<div class=\"col-xl-12\">\n\t\t<div class=\"comment-form__input-box\">\n\t\t\t<p><span class=\"wpcf7-form-control-wrap\" data-name=\"indirizzo\"><input size=\"40\" class=\"wpcf7-form-control wpcf7-text\" aria-invalid=\"false\" placeholder=\"Direcci\u00f3n\" value=\"\" type=\"text\" name=\"indirizzo\" \/><\/span>\n\t\t\t<\/p>\n\t\t<\/div>\n\t<\/div>\n\t<div class=\"col-xl-12\">\n\t\t<div class=\"comment-form__input-box\">\n\t\t\t<p><span class=\"wpcf7-form-control-wrap\" data-name=\"messaggio\"><textarea cols=\"40\" rows=\"10\" class=\"wpcf7-form-control wpcf7-textarea\" aria-invalid=\"false\" placeholder=\"Texto del mensaje\" name=\"messaggio\"><\/textarea><\/span>\n\t\t\t<\/p>\n\t\t<\/div>\n\t<\/div>\n\t<div class=\"col-xl-12\">\n\t\t<div class=\"comment-form__input-box\">\n\t\t\t<p style=\"padding:0 10px; color:#AAAAAA; font-size:0.8em; line-height:1.2em;\">Le informamos que los datos que nos facilita ser\u00e1n tratados electr\u00f3nicamente de conformidad con los principios establecidos por la normativa vigente en protecci\u00f3n de datos (Reglamento UE n\u00ba 679 de 2016) con la \u00fanica finalidad de facilitarle la informaci\u00f3n solicitada. La informaci\u00f3n completa sobre los m\u00e9todos y prop\u00f3sitos de los tratamientos realizados se encuentra en la p\u00e1gina de Pol\u00edtica de Privacidad. No obstante, en cualquier momento, podr\u00e1 solicitar posteriormente la cancelaci\u00f3n de sus datos. Tambi\u00e9n le recordamos que para expresar el consentimiento para el tratamiento de datos personales debe tener al menos 16 a\u00f1os.\n\t\t\t<\/p>\n\t\t\t<p><span class=\"wpcf7-form-control-wrap\" data-name=\"privacy\"><span class=\"wpcf7-form-control wpcf7-acceptance\"><span class=\"wpcf7-list-item\"><label><input type=\"checkbox\" name=\"privacy\" value=\"1\" aria-invalid=\"false\" \/><span class=\"wpcf7-list-item-label\">Reconozco la informaci\u00f3n anterior *<\/span><\/label><\/span><\/span><\/span>\n\t\t\t<\/p>\n\t\t<\/div>\n\t<\/div>\n\t<div class=\"col-xl-12\">\n\t\t<div class=\"comment-form__input-box\">\n\t\t\t<p><button type=\"submit\" class=\"thm-btn faqs-contact__btn\"><span>Enviar<\/span><\/button>\n\t\t\t<\/p>\n\t\t<\/div>\n\t<\/div>\n<\/div><div class=\"wpcf7-response-output\" aria-hidden=\"true\"><\/div>\n<\/form>\n<\/div>\n\t\t\t\t\t\t\t\t\t\t\t\t\t<\/div>\r\n\t\t\t\t\t<\/div>\r\n\t\t\t\t<\/div>\r\n\t\t\t<\/div>\r\n\t\t<\/div>\r\n\t<\/section>\r\n\t<!--FAQs Contact End-->\r\n\r\n\t\t<\/div>\n\t\t\t\t<\/div>\n\t\t\t\t\t<\/div>\n\t\t<\/div>\n\t\t\t\t\t<\/div>\n\t\t<\/section>\n\t\t\t\t<\/div>\n\t\t","protected":false},"excerpt":{"rendered":"<p>Mantente en contacto con nosotros Maitex International Via del Vallone, snc &#8211; 57034Campo nell&#8217;Elba (LI) &#8211; ITALIA (+39) 0565 957738 (+39) 0565 921882 maitex@maitexinternational.it Nos pondremos en contacto con usted tan pronto como sea posible Envianos un email Le informamos que los datos que nos facilita ser\u00e1n tratados electr\u00f3nicamente de conformidad con los principios establecidos [&hellip;]<\/p>\n","protected":false},"author":1,"featured_media":0,"parent":0,"menu_order":6,"comment_status":"closed","ping_status":"closed","template":"elementor_header_footer","meta":{"footnotes":""},"yoast_head":"<!-- This site is optimized with the Yoast SEO plugin v22.1 - https:\/\/yoast.com\/wordpress\/plugins\/seo\/ -->\n<title>Contacto - Maitex International<\/title>\n<meta name=\"robots\" content=\"index, follow, max-snippet:-1, max-image-preview:large, max-video-preview:-1\" \/>\n<link rel=\"canonical\" href=\"https:\/\/www.maitexinternational.it\/es\/contacto\/\" \/>\n<meta property=\"og:locale\" content=\"es_ES\" \/>\n<meta property=\"og:type\" content=\"article\" \/>\n<meta property=\"og:title\" content=\"Contacto - Maitex International\" \/>\n<meta property=\"og:description\" content=\"Mantente en contacto con nosotros Maitex International Via del Vallone, snc &#8211; 57034Campo nell&#8217;Elba (LI) &#8211; ITALIA (+39) 0565 957738 (+39) 0565 921882 maitex@maitexinternational.it Nos pondremos en contacto con usted tan pronto como sea posible Envianos un email Le informamos que los datos que nos facilita ser\u00e1n tratados electr\u00f3nicamente de conformidad con los principios establecidos [&hellip;]\" \/>\n<meta property=\"og:url\" content=\"https:\/\/www.maitexinternational.it\/es\/contacto\/\" \/>\n<meta property=\"og:site_name\" content=\"Maitex International\" \/>\n<meta property=\"article:modified_time\" content=\"2022-06-24T12:48:17+00:00\" \/>\n<meta property=\"og:image\" content=\"https:\/\/www.maitexinternational.it\/wp-content\/uploads\/portfolio-g-1.jpg\" \/>\n<meta name=\"twitter:card\" content=\"summary_large_image\" \/>\n<meta name=\"twitter:label1\" content=\"Tiempo de lectura\" \/>\n\t<meta name=\"twitter:data1\" content=\"1 minuto\" \/>\n<script type=\"application\/ld+json\" class=\"yoast-schema-graph\">{\"@context\":\"https:\/\/schema.org\",\"@graph\":[{\"@type\":\"WebPage\",\"@id\":\"https:\/\/www.maitexinternational.it\/es\/contacto\/\",\"url\":\"https:\/\/www.maitexinternational.it\/es\/contacto\/\",\"name\":\"Contacto - Maitex International\",\"isPartOf\":{\"@id\":\"https:\/\/www.maitexinternational.it\/es\/#website\"},\"datePublished\":\"2021-07-05T08:58:22+00:00\",\"dateModified\":\"2022-06-24T12:48:17+00:00\",\"breadcrumb\":{\"@id\":\"https:\/\/www.maitexinternational.it\/es\/contacto\/#breadcrumb\"},\"inLanguage\":\"es\",\"potentialAction\":[{\"@type\":\"ReadAction\",\"target\":[\"https:\/\/www.maitexinternational.it\/es\/contacto\/\"]}]},{\"@type\":\"BreadcrumbList\",\"@id\":\"https:\/\/www.maitexinternational.it\/es\/contacto\/#breadcrumb\",\"itemListElement\":[{\"@type\":\"ListItem\",\"position\":1,\"name\":\"Home\",\"item\":\"https:\/\/www.maitexinternational.it\/es\/\"},{\"@type\":\"ListItem\",\"position\":2,\"name\":\"Contacto\"}]},{\"@type\":\"WebSite\",\"@id\":\"https:\/\/www.maitexinternational.it\/es\/#website\",\"url\":\"https:\/\/www.maitexinternational.it\/es\/\",\"name\":\"Maitex International\",\"description\":\"Materie prime vegetali ed estratti secchi\",\"publisher\":{\"@id\":\"https:\/\/www.maitexinternational.it\/es\/#organization\"},\"potentialAction\":[{\"@type\":\"SearchAction\",\"target\":{\"@type\":\"EntryPoint\",\"urlTemplate\":\"https:\/\/www.maitexinternational.it\/es\/?s={search_term_string}\"},\"query-input\":\"required name=search_term_string\"}],\"inLanguage\":\"es\"},{\"@type\":\"Organization\",\"@id\":\"https:\/\/www.maitexinternational.it\/es\/#organization\",\"name\":\"Maitex International\",\"url\":\"https:\/\/www.maitexinternational.it\/es\/\",\"logo\":{\"@type\":\"ImageObject\",\"inLanguage\":\"es\",\"@id\":\"https:\/\/www.maitexinternational.it\/es\/#\/schema\/logo\/image\/\",\"url\":\"https:\/\/www.maitexinternational.it\/wp-content\/uploads\/maitex_international.png\",\"contentUrl\":\"https:\/\/www.maitexinternational.it\/wp-content\/uploads\/maitex_international.png\",\"width\":800,\"height\":205,\"caption\":\"Maitex International\"},\"image\":{\"@id\":\"https:\/\/www.maitexinternational.it\/es\/#\/schema\/logo\/image\/\"}}]}<\/script>\n<!-- \/ Yoast SEO plugin. -->","yoast_head_json":{"title":"Contacto - Maitex International","robots":{"index":"index","follow":"follow","max-snippet":"max-snippet:-1","max-image-preview":"max-image-preview:large","max-video-preview":"max-video-preview:-1"},"canonical":"https:\/\/www.maitexinternational.it\/es\/contacto\/","og_locale":"es_ES","og_type":"article","og_title":"Contacto - Maitex International","og_description":"Mantente en contacto con nosotros Maitex International Via del Vallone, snc &#8211; 57034Campo nell&#8217;Elba (LI) &#8211; ITALIA (+39) 0565 957738 (+39) 0565 921882 maitex@maitexinternational.it Nos pondremos en contacto con usted tan pronto como sea posible Envianos un email Le informamos que los datos que nos facilita ser\u00e1n tratados electr\u00f3nicamente de conformidad con los principios establecidos [&hellip;]","og_url":"https:\/\/www.maitexinternational.it\/es\/contacto\/","og_site_name":"Maitex International","article_modified_time":"2022-06-24T12:48:17+00:00","og_image":[{"url":"https:\/\/www.maitexinternational.it\/wp-content\/uploads\/portfolio-g-1.jpg"}],"twitter_card":"summary_large_image","twitter_misc":{"Tiempo de lectura":"1 minuto"},"schema":{"@context":"https:\/\/schema.org","@graph":[{"@type":"WebPage","@id":"https:\/\/www.maitexinternational.it\/es\/contacto\/","url":"https:\/\/www.maitexinternational.it\/es\/contacto\/","name":"Contacto - Maitex International","isPartOf":{"@id":"https:\/\/www.maitexinternational.it\/es\/#website"},"datePublished":"2021-07-05T08:58:22+00:00","dateModified":"2022-06-24T12:48:17+00:00","breadcrumb":{"@id":"https:\/\/www.maitexinternational.it\/es\/contacto\/#breadcrumb"},"inLanguage":"es","potentialAction":[{"@type":"ReadAction","target":["https:\/\/www.maitexinternational.it\/es\/contacto\/"]}]},{"@type":"BreadcrumbList","@id":"https:\/\/www.maitexinternational.it\/es\/contacto\/#breadcrumb","itemListElement":[{"@type":"ListItem","position":1,"name":"Home","item":"https:\/\/www.maitexinternational.it\/es\/"},{"@type":"ListItem","position":2,"name":"Contacto"}]},{"@type":"WebSite","@id":"https:\/\/www.maitexinternational.it\/es\/#website","url":"https:\/\/www.maitexinternational.it\/es\/","name":"Maitex International","description":"Materie prime vegetali ed estratti secchi","publisher":{"@id":"https:\/\/www.maitexinternational.it\/es\/#organization"},"potentialAction":[{"@type":"SearchAction","target":{"@type":"EntryPoint","urlTemplate":"https:\/\/www.maitexinternational.it\/es\/?s={search_term_string}"},"query-input":"required name=search_term_string"}],"inLanguage":"es"},{"@type":"Organization","@id":"https:\/\/www.maitexinternational.it\/es\/#organization","name":"Maitex International","url":"https:\/\/www.maitexinternational.it\/es\/","logo":{"@type":"ImageObject","inLanguage":"es","@id":"https:\/\/www.maitexinternational.it\/es\/#\/schema\/logo\/image\/","url":"https:\/\/www.maitexinternational.it\/wp-content\/uploads\/maitex_international.png","contentUrl":"https:\/\/www.maitexinternational.it\/wp-content\/uploads\/maitex_international.png","width":800,"height":205,"caption":"Maitex International"},"image":{"@id":"https:\/\/www.maitexinternational.it\/es\/#\/schema\/logo\/image\/"}}]}},"_links":{"self":[{"href":"https:\/\/www.maitexinternational.it\/es\/wp-json\/wp\/v2\/pages\/1499"}],"collection":[{"href":"https:\/\/www.maitexinternational.it\/es\/wp-json\/wp\/v2\/pages"}],"about":[{"href":"https:\/\/www.maitexinternational.it\/es\/wp-json\/wp\/v2\/types\/page"}],"author":[{"embeddable":true,"href":"https:\/\/www.maitexinternational.it\/es\/wp-json\/wp\/v2\/users\/1"}],"replies":[{"embeddable":true,"href":"https:\/\/www.maitexinternational.it\/es\/wp-json\/wp\/v2\/comments?post=1499"}],"version-history":[{"count":5,"href":"https:\/\/www.maitexinternational.it\/es\/wp-json\/wp\/v2\/pages\/1499\/revisions"}],"predecessor-version":[{"id":1508,"href":"https:\/\/www.maitexinternational.it\/es\/wp-json\/wp\/v2\/pages\/1499\/revisions\/1508"}],"wp:attachment":[{"href":"https:\/\/www.maitexinternational.it\/es\/wp-json\/wp\/v2\/media?parent=1499"}],"curies":[{"name":"wp","href":"https:\/\/api.w.org\/{rel}","templated":true}]}}