{"id":1477,"date":"2021-10-12T10:48:48","date_gmt":"2021-10-12T08:48:48","guid":{"rendered":"https:\/\/www.maitexinternational.it\/zumos\/"},"modified":"2022-06-24T14:18:19","modified_gmt":"2022-06-24T12:18:19","slug":"zumos","status":"publish","type":"page","link":"https:\/\/www.maitexinternational.it\/es\/zumos\/","title":{"rendered":"Zumos"},"content":{"rendered":"\t\t<div data-elementor-type=\"wp-page\" data-elementor-id=\"1477\" class=\"elementor elementor-1477 elementor-921\">\n\t\t\t\t\t\t<section class=\"elementor-section elementor-top-section elementor-element elementor-element-c037225 elementor-section-boxed elementor-section-height-default elementor-section-height-default\" data-id=\"c037225\" data-element_type=\"section\">\n\t\t\t\t\t\t<div class=\"elementor-container elementor-column-gap-default\">\n\t\t\t\t\t<div class=\"elementor-column elementor-col-100 elementor-top-column elementor-element elementor-element-96276fa\" data-id=\"96276fa\" data-element_type=\"column\">\n\t\t\t<div class=\"elementor-widget-wrap elementor-element-populated\">\n\t\t\t\t\t\t<div class=\"elementor-element elementor-element-82376fa elementor-widget elementor-widget-text-editor\" data-id=\"82376fa\" data-element_type=\"widget\" data-widget_type=\"text-editor.default\">\n\t\t\t\t<div class=\"elementor-widget-container\">\n\t\t\t<style>\/*! elementor - v3.19.0 - 07-02-2024 *\/\n.elementor-widget-text-editor.elementor-drop-cap-view-stacked .elementor-drop-cap{background-color:#69727d;color:#fff}.elementor-widget-text-editor.elementor-drop-cap-view-framed .elementor-drop-cap{color:#69727d;border:3px solid;background-color:transparent}.elementor-widget-text-editor:not(.elementor-drop-cap-view-default) .elementor-drop-cap{margin-top:8px}.elementor-widget-text-editor:not(.elementor-drop-cap-view-default) .elementor-drop-cap-letter{width:1em;height:1em}.elementor-widget-text-editor .elementor-drop-cap{float:left;text-align:center;line-height:1;font-size:50px}.elementor-widget-text-editor .elementor-drop-cap-letter{display:inline-block}<\/style>\t\t\t\tLos zumos son productos naturales en polvo que tienen su origen en la materia prima de las frutas y las verduras. El zumo en polvo se obtiene del jugo l\u00edquido concentrado con la adici\u00f3n de excipientes.\t\t\t\t\t\t<\/div>\n\t\t\t\t<\/div>\n\t\t\t\t<div class=\"elementor-element elementor-element-7d839b8 elementor-widget elementor-widget-html\" data-id=\"7d839b8\" data-element_type=\"widget\" data-widget_type=\"html.default\">\n\t\t\t\t<div class=\"elementor-widget-container\">\n\t\t\t<div style=\"overflow-x: auto;\">\n    \n<table id=\"tablepress-5\" class=\"tablepress tablepress-id-5\">\n<thead>\n<tr class=\"row-1 odd\">\n\t<th class=\"column-1\">NOME PRODOTTO<\/th>\n<\/tr>\n<\/thead>\n<tbody class=\"row-hover\">\n<tr class=\"row-2 even\">\n\t<td class=\"column-1\"><\/td>\n<\/tr>\n<tr class=\"row-3 odd\">\n\t<td class=\"column-1\"><\/td>\n<\/tr>\n<tr class=\"row-4 even\">\n\t<td class=\"column-1\"><\/td>\n<\/tr>\n<tr class=\"row-5 odd\">\n\t<td class=\"column-1\"><\/td>\n<\/tr>\n<tr class=\"row-6 even\">\n\t<td class=\"column-1\"><\/td>\n<\/tr>\n<\/tbody>\n<\/table>\n<!-- #tablepress-5 from cache -->\n<\/div>\t\t<\/div>\n\t\t\t\t<\/div>\n\t\t\t\t\t<\/div>\n\t\t<\/div>\n\t\t\t\t\t<\/div>\n\t\t<\/section>\n\t\t\t\t<section class=\"elementor-section elementor-top-section elementor-element elementor-element-6cb52580 elementor-section-full_width elementor-section-height-default elementor-section-height-default\" data-id=\"6cb52580\" data-element_type=\"section\">\n\t\t\t\t\t\t<div class=\"elementor-container elementor-column-gap-no\">\n\t\t\t\t\t<div class=\"elementor-column elementor-col-100 elementor-top-column elementor-element elementor-element-69c515e8\" data-id=\"69c515e8\" data-element_type=\"column\">\n\t\t\t<div class=\"elementor-widget-wrap elementor-element-populated\">\n\t\t\t\t\t\t<div class=\"elementor-element elementor-element-7730323 elementor-widget elementor-widget-moniz-call-to-action\" data-id=\"7730323\" data-element_type=\"widget\" data-widget_type=\"moniz-call-to-action.default\">\n\t\t\t\t<div class=\"elementor-widget-container\">\n\t\t\t\t<!--CTA Two Start-->\r\n\t<section class=\"cta-two\">\r\n\t\t<div class=\"cta-two-shape-1\"><\/div>\r\n\t\t<div class=\"cta-two-shape-2\"><\/div>\r\n\t\t<div class=\"container\">\r\n\t\t\t<div class=\"row\">\r\n\t\t\t\t<div class=\"col-xl-12\">\r\n\t\t\t\t\t<div class=\"cta-two__inner\">\r\n\t\t\t\t\t\t\t\t\t\t\t\t\t<div class=\"cta-two__title\">\r\n\t\t\t\t\t\t\t\t<h2>Para mas informaci\u00f3n...<\/h2>\r\n\t\t\t\t\t\t\t<\/div>\r\n\t\t\t\t\t\t\r\n\r\n\t\t\t\t\t\t\r\n\t\t\t\t\t\t\t<div class=\"cta-two__btn-box\">\r\n\t\t\t\t\t\t\t\t<span><a href=\"https:\/\/www.maitexinternational.it\/es\/contactenos\/\" class=\"thm-btn cta-two__btn thm-btn--dark thm-btn--dark--light-hover\"><span>CONTACTENOS<\/span><\/a><\/span>\r\n\t\t\t\t\t\t\t<\/div>\r\n\t\t\t\t\t\t\t\t\t\t\t<\/div>\r\n\t\t\t\t<\/div>\r\n\t\t\t<\/div>\r\n\t\t<\/div>\r\n\t<\/section>\r\n\t<!--CTA Two End-->\r\n\r\n\t\t<\/div>\n\t\t\t\t<\/div>\n\t\t\t\t\t<\/div>\n\t\t<\/div>\n\t\t\t\t\t<\/div>\n\t\t<\/section>\n\t\t\t\t<\/div>\n\t\t","protected":false},"excerpt":{"rendered":"<p>Los zumos son productos naturales en polvo que tienen su origen en la materia prima de las frutas y las verduras. El zumo en polvo se obtiene del jugo l\u00edquido concentrado con la adici\u00f3n de excipientes. Para mas informaci\u00f3n&#8230; CONTACTENOS<\/p>\n","protected":false},"author":1,"featured_media":0,"parent":0,"menu_order":5,"comment_status":"closed","ping_status":"closed","template":"elementor_header_footer","meta":{"footnotes":""},"yoast_head":"<!-- This site is optimized with the Yoast SEO plugin v22.1 - https:\/\/yoast.com\/wordpress\/plugins\/seo\/ -->\n<title>Zumos - Maitex International<\/title>\n<meta name=\"description\" content=\"Los zumos son productos naturales en polvo que tienen su origen en la materia prima de las frutas y las verduras.\" \/>\n<meta name=\"robots\" content=\"index, follow, max-snippet:-1, max-image-preview:large, max-video-preview:-1\" \/>\n<link rel=\"canonical\" href=\"https:\/\/www.maitexinternational.it\/es\/zumos\/\" \/>\n<meta property=\"og:locale\" content=\"es_ES\" \/>\n<meta property=\"og:type\" content=\"article\" \/>\n<meta property=\"og:title\" content=\"Zumos - Maitex International\" \/>\n<meta property=\"og:description\" content=\"Los zumos son productos naturales en polvo que tienen su origen en la materia prima de las frutas y las verduras.\" \/>\n<meta property=\"og:url\" content=\"https:\/\/www.maitexinternational.it\/es\/zumos\/\" \/>\n<meta property=\"og:site_name\" content=\"Maitex International\" \/>\n<meta property=\"article:modified_time\" content=\"2022-06-24T12:18:19+00:00\" \/>\n<meta name=\"twitter:card\" content=\"summary_large_image\" \/>\n<meta name=\"twitter:label1\" content=\"Tiempo de lectura\" \/>\n\t<meta name=\"twitter:data1\" content=\"1 minuto\" \/>\n<script type=\"application\/ld+json\" class=\"yoast-schema-graph\">{\"@context\":\"https:\/\/schema.org\",\"@graph\":[{\"@type\":\"WebPage\",\"@id\":\"https:\/\/www.maitexinternational.it\/es\/zumos\/\",\"url\":\"https:\/\/www.maitexinternational.it\/es\/zumos\/\",\"name\":\"Zumos - Maitex International\",\"isPartOf\":{\"@id\":\"https:\/\/www.maitexinternational.it\/es\/#website\"},\"datePublished\":\"2021-10-12T08:48:48+00:00\",\"dateModified\":\"2022-06-24T12:18:19+00:00\",\"description\":\"Los zumos son productos naturales en polvo que tienen su origen en la materia prima de las frutas y las verduras.\",\"breadcrumb\":{\"@id\":\"https:\/\/www.maitexinternational.it\/es\/zumos\/#breadcrumb\"},\"inLanguage\":\"es\",\"potentialAction\":[{\"@type\":\"ReadAction\",\"target\":[\"https:\/\/www.maitexinternational.it\/es\/zumos\/\"]}]},{\"@type\":\"BreadcrumbList\",\"@id\":\"https:\/\/www.maitexinternational.it\/es\/zumos\/#breadcrumb\",\"itemListElement\":[{\"@type\":\"ListItem\",\"position\":1,\"name\":\"Home\",\"item\":\"https:\/\/www.maitexinternational.it\/es\/\"},{\"@type\":\"ListItem\",\"position\":2,\"name\":\"Zumos\"}]},{\"@type\":\"WebSite\",\"@id\":\"https:\/\/www.maitexinternational.it\/es\/#website\",\"url\":\"https:\/\/www.maitexinternational.it\/es\/\",\"name\":\"Maitex International\",\"description\":\"Materie prime vegetali ed estratti secchi\",\"publisher\":{\"@id\":\"https:\/\/www.maitexinternational.it\/es\/#organization\"},\"potentialAction\":[{\"@type\":\"SearchAction\",\"target\":{\"@type\":\"EntryPoint\",\"urlTemplate\":\"https:\/\/www.maitexinternational.it\/es\/?s={search_term_string}\"},\"query-input\":\"required name=search_term_string\"}],\"inLanguage\":\"es\"},{\"@type\":\"Organization\",\"@id\":\"https:\/\/www.maitexinternational.it\/es\/#organization\",\"name\":\"Maitex International\",\"url\":\"https:\/\/www.maitexinternational.it\/es\/\",\"logo\":{\"@type\":\"ImageObject\",\"inLanguage\":\"es\",\"@id\":\"https:\/\/www.maitexinternational.it\/es\/#\/schema\/logo\/image\/\",\"url\":\"https:\/\/www.maitexinternational.it\/wp-content\/uploads\/maitex_international.png\",\"contentUrl\":\"https:\/\/www.maitexinternational.it\/wp-content\/uploads\/maitex_international.png\",\"width\":800,\"height\":205,\"caption\":\"Maitex International\"},\"image\":{\"@id\":\"https:\/\/www.maitexinternational.it\/es\/#\/schema\/logo\/image\/\"}}]}<\/script>\n<!-- \/ Yoast SEO plugin. -->","yoast_head_json":{"title":"Zumos - Maitex International","description":"Los zumos son productos naturales en polvo que tienen su origen en la materia prima de las frutas y las verduras.","robots":{"index":"index","follow":"follow","max-snippet":"max-snippet:-1","max-image-preview":"max-image-preview:large","max-video-preview":"max-video-preview:-1"},"canonical":"https:\/\/www.maitexinternational.it\/es\/zumos\/","og_locale":"es_ES","og_type":"article","og_title":"Zumos - Maitex International","og_description":"Los zumos son productos naturales en polvo que tienen su origen en la materia prima de las frutas y las verduras.","og_url":"https:\/\/www.maitexinternational.it\/es\/zumos\/","og_site_name":"Maitex International","article_modified_time":"2022-06-24T12:18:19+00:00","twitter_card":"summary_large_image","twitter_misc":{"Tiempo de lectura":"1 minuto"},"schema":{"@context":"https:\/\/schema.org","@graph":[{"@type":"WebPage","@id":"https:\/\/www.maitexinternational.it\/es\/zumos\/","url":"https:\/\/www.maitexinternational.it\/es\/zumos\/","name":"Zumos - Maitex International","isPartOf":{"@id":"https:\/\/www.maitexinternational.it\/es\/#website"},"datePublished":"2021-10-12T08:48:48+00:00","dateModified":"2022-06-24T12:18:19+00:00","description":"Los zumos son productos naturales en polvo que tienen su origen en la materia prima de las frutas y las verduras.","breadcrumb":{"@id":"https:\/\/www.maitexinternational.it\/es\/zumos\/#breadcrumb"},"inLanguage":"es","potentialAction":[{"@type":"ReadAction","target":["https:\/\/www.maitexinternational.it\/es\/zumos\/"]}]},{"@type":"BreadcrumbList","@id":"https:\/\/www.maitexinternational.it\/es\/zumos\/#breadcrumb","itemListElement":[{"@type":"ListItem","position":1,"name":"Home","item":"https:\/\/www.maitexinternational.it\/es\/"},{"@type":"ListItem","position":2,"name":"Zumos"}]},{"@type":"WebSite","@id":"https:\/\/www.maitexinternational.it\/es\/#website","url":"https:\/\/www.maitexinternational.it\/es\/","name":"Maitex International","description":"Materie prime vegetali ed estratti secchi","publisher":{"@id":"https:\/\/www.maitexinternational.it\/es\/#organization"},"potentialAction":[{"@type":"SearchAction","target":{"@type":"EntryPoint","urlTemplate":"https:\/\/www.maitexinternational.it\/es\/?s={search_term_string}"},"query-input":"required name=search_term_string"}],"inLanguage":"es"},{"@type":"Organization","@id":"https:\/\/www.maitexinternational.it\/es\/#organization","name":"Maitex International","url":"https:\/\/www.maitexinternational.it\/es\/","logo":{"@type":"ImageObject","inLanguage":"es","@id":"https:\/\/www.maitexinternational.it\/es\/#\/schema\/logo\/image\/","url":"https:\/\/www.maitexinternational.it\/wp-content\/uploads\/maitex_international.png","contentUrl":"https:\/\/www.maitexinternational.it\/wp-content\/uploads\/maitex_international.png","width":800,"height":205,"caption":"Maitex International"},"image":{"@id":"https:\/\/www.maitexinternational.it\/es\/#\/schema\/logo\/image\/"}}]}},"_links":{"self":[{"href":"https:\/\/www.maitexinternational.it\/es\/wp-json\/wp\/v2\/pages\/1477"}],"collection":[{"href":"https:\/\/www.maitexinternational.it\/es\/wp-json\/wp\/v2\/pages"}],"about":[{"href":"https:\/\/www.maitexinternational.it\/es\/wp-json\/wp\/v2\/types\/page"}],"author":[{"embeddable":true,"href":"https:\/\/www.maitexinternational.it\/es\/wp-json\/wp\/v2\/users\/1"}],"replies":[{"embeddable":true,"href":"https:\/\/www.maitexinternational.it\/es\/wp-json\/wp\/v2\/comments?post=1477"}],"version-history":[{"count":5,"href":"https:\/\/www.maitexinternational.it\/es\/wp-json\/wp\/v2\/pages\/1477\/revisions"}],"predecessor-version":[{"id":1491,"href":"https:\/\/www.maitexinternational.it\/es\/wp-json\/wp\/v2\/pages\/1477\/revisions\/1491"}],"wp:attachment":[{"href":"https:\/\/www.maitexinternational.it\/es\/wp-json\/wp\/v2\/media?parent=1477"}],"curies":[{"name":"wp","href":"https:\/\/api.w.org\/{rel}","templated":true}]}}