{"id":1462,"date":"2021-10-12T10:40:04","date_gmt":"2021-10-12T08:40:04","guid":{"rendered":"https:\/\/www.maitexinternational.it\/productos-apicolas\/"},"modified":"2022-06-24T12:35:28","modified_gmt":"2022-06-24T10:35:28","slug":"productos-apicolas","status":"publish","type":"page","link":"https:\/\/www.maitexinternational.it\/es\/productos-apicolas\/","title":{"rendered":"Productos Ap\u00edcolas"},"content":{"rendered":"\t\t<div data-elementor-type=\"wp-page\" data-elementor-id=\"1462\" class=\"elementor elementor-1462 elementor-913\">\n\t\t\t\t\t\t<section class=\"elementor-section elementor-top-section elementor-element elementor-element-c037225 elementor-section-boxed elementor-section-height-default elementor-section-height-default\" data-id=\"c037225\" data-element_type=\"section\">\n\t\t\t\t\t\t<div class=\"elementor-container elementor-column-gap-default\">\n\t\t\t\t\t<div class=\"elementor-column elementor-col-100 elementor-top-column elementor-element elementor-element-96276fa\" data-id=\"96276fa\" data-element_type=\"column\">\n\t\t\t<div class=\"elementor-widget-wrap elementor-element-populated\">\n\t\t\t\t\t\t<div class=\"elementor-element elementor-element-82376fa elementor-widget elementor-widget-text-editor\" data-id=\"82376fa\" data-element_type=\"widget\" data-widget_type=\"text-editor.default\">\n\t\t\t\t<div class=\"elementor-widget-container\">\n\t\t\t<style>\/*! elementor - v3.19.0 - 07-02-2024 *\/\n.elementor-widget-text-editor.elementor-drop-cap-view-stacked .elementor-drop-cap{background-color:#69727d;color:#fff}.elementor-widget-text-editor.elementor-drop-cap-view-framed .elementor-drop-cap{color:#69727d;border:3px solid;background-color:transparent}.elementor-widget-text-editor:not(.elementor-drop-cap-view-default) .elementor-drop-cap{margin-top:8px}.elementor-widget-text-editor:not(.elementor-drop-cap-view-default) .elementor-drop-cap-letter{width:1em;height:1em}.elementor-widget-text-editor .elementor-drop-cap{float:left;text-align:center;line-height:1;font-size:50px}.elementor-widget-text-editor .elementor-drop-cap-letter{display:inline-block}<\/style>\t\t\t\t<p>Muchos productos ap\u00edcolas nacen de la pasi\u00f3n y del conocimiento del mundo de las abejas y el respeto hacia las abejas resulta fundamental especialmente en estos momentos de cambio clim\u00e1tico. Cabe recordar que las abejas aportan importantes beneficios y servicios ecol\u00f3gicos para la sociedad. La polinizaci\u00f3n permite que las abejas cumplan una funci\u00f3n estrat\u00e9gica para la conservaci\u00f3n de la flora, contribuyendo a la mejora y al mantenimiento de la biodiversidad. Por ello, una disminuci\u00f3n de las abejas puede suponer una importante amenaza para los ecosistemas naturales en los que viven. Garantizar su supervivencia se convierte entonces en una necesidad y es importante recordar que las abejas producen productos de alto valor nutricional como la miel, la jalea real, prop\u00f3leos y polen, que no son indispensables para nuestra alimentaci\u00f3n, pero que pueden ser remedios naturales de impacto cero para el medioambiente y preservar nuestro estado de salud.<\/p>\t\t\t\t\t\t<\/div>\n\t\t\t\t<\/div>\n\t\t\t\t<div class=\"elementor-element elementor-element-7d839b8 elementor-widget elementor-widget-html\" data-id=\"7d839b8\" data-element_type=\"widget\" data-widget_type=\"html.default\">\n\t\t\t\t<div class=\"elementor-widget-container\">\n\t\t\t<div style=\"overflow-x: auto;\">\n    \n<table id=\"tablepress-3\" class=\"tablepress tablepress-id-3\">\n<thead>\n<tr class=\"row-1 odd\">\n\t<th class=\"column-1\">CODICE<\/th><th class=\"column-2\">NOME PRODOTTO<\/th><th class=\"column-3\">TITOLO<\/th>\n<\/tr>\n<\/thead>\n<tbody class=\"row-hover\">\n<tr class=\"row-2 even\">\n\t<td class=\"column-1\">MK1A<\/td><td class=\"column-2\">PAPPA REALE<\/td><td class=\"column-3\">4%<\/td>\n<\/tr>\n<tr class=\"row-3 odd\">\n\t<td class=\"column-1\">MK1B<\/td><td class=\"column-2\">PAPPA REALE<\/td><td class=\"column-3\">3-4%<\/td>\n<\/tr>\n<tr class=\"row-4 even\">\n\t<td class=\"column-1\">MA325<\/td><td class=\"column-2\">PROPOLI<\/td><td class=\"column-3\">4:1<\/td>\n<\/tr>\n<tr class=\"row-5 odd\">\n\t<td class=\"column-1\">MA326<\/td><td class=\"column-2\">PROPOLI<\/td><td class=\"column-3\">1%<\/td>\n<\/tr>\n<tr class=\"row-6 even\">\n\t<td class=\"column-1\">MA314<\/td><td class=\"column-2\">PROPOLI SOL.<\/td><td class=\"column-3\">8-12%<\/td>\n<\/tr>\n<tr class=\"row-7 odd\">\n\t<td class=\"column-1\">MA314-2<\/td><td class=\"column-2\">PROPOLI SOL. 100 mesh<\/td><td class=\"column-3\">8-12%<\/td>\n<\/tr>\n<tr class=\"row-8 even\">\n\t<td class=\"column-1\">MA323<\/td><td class=\"column-2\">PROPOLI SPISSUM<\/td><td class=\"column-3\">12-14%<\/td>\n<\/tr>\n<\/tbody>\n<\/table>\n<!-- #tablepress-3 from cache -->\n<\/div>\t\t<\/div>\n\t\t\t\t<\/div>\n\t\t\t\t\t<\/div>\n\t\t<\/div>\n\t\t\t\t\t<\/div>\n\t\t<\/section>\n\t\t\t\t<section class=\"elementor-section elementor-top-section elementor-element elementor-element-6cb52580 elementor-section-full_width elementor-section-height-default elementor-section-height-default\" data-id=\"6cb52580\" data-element_type=\"section\">\n\t\t\t\t\t\t<div class=\"elementor-container elementor-column-gap-no\">\n\t\t\t\t\t<div class=\"elementor-column elementor-col-100 elementor-top-column elementor-element elementor-element-69c515e8\" data-id=\"69c515e8\" data-element_type=\"column\">\n\t\t\t<div class=\"elementor-widget-wrap elementor-element-populated\">\n\t\t\t\t\t\t<div class=\"elementor-element elementor-element-7730323 elementor-widget elementor-widget-moniz-call-to-action\" data-id=\"7730323\" data-element_type=\"widget\" data-widget_type=\"moniz-call-to-action.default\">\n\t\t\t\t<div class=\"elementor-widget-container\">\n\t\t\t\t<!--CTA Two Start-->\r\n\t<section class=\"cta-two\">\r\n\t\t<div class=\"cta-two-shape-1\"><\/div>\r\n\t\t<div class=\"cta-two-shape-2\"><\/div>\r\n\t\t<div class=\"container\">\r\n\t\t\t<div class=\"row\">\r\n\t\t\t\t<div class=\"col-xl-12\">\r\n\t\t\t\t\t<div class=\"cta-two__inner\">\r\n\t\t\t\t\t\t\t\t\t\t\t\t\t<div class=\"cta-two__title\">\r\n\t\t\t\t\t\t\t\t<h2>Para mas informaci\u00f3n...<\/h2>\r\n\t\t\t\t\t\t\t<\/div>\r\n\t\t\t\t\t\t\r\n\r\n\t\t\t\t\t\t\r\n\t\t\t\t\t\t\t<div class=\"cta-two__btn-box\">\r\n\t\t\t\t\t\t\t\t<span><a href=\"https:\/\/www.maitexinternational.it\/es\/contactenos\/\" class=\"thm-btn cta-two__btn thm-btn--dark thm-btn--dark--light-hover\"><span>CONTACTENOS<\/span><\/a><\/span>\r\n\t\t\t\t\t\t\t<\/div>\r\n\t\t\t\t\t\t\t\t\t\t\t<\/div>\r\n\t\t\t\t<\/div>\r\n\t\t\t<\/div>\r\n\t\t<\/div>\r\n\t<\/section>\r\n\t<!--CTA Two End-->\r\n\r\n\t\t<\/div>\n\t\t\t\t<\/div>\n\t\t\t\t\t<\/div>\n\t\t<\/div>\n\t\t\t\t\t<\/div>\n\t\t<\/section>\n\t\t\t\t<\/div>\n\t\t","protected":false},"excerpt":{"rendered":"<p>Muchos productos ap\u00edcolas nacen de la pasi\u00f3n y del conocimiento del mundo de las abejas y el respeto hacia las abejas resulta fundamental especialmente en estos momentos de cambio clim\u00e1tico. Cabe recordar que las abejas aportan importantes beneficios y servicios ecol\u00f3gicos para la sociedad. La polinizaci\u00f3n permite que las abejas cumplan una funci\u00f3n estrat\u00e9gica para [&hellip;]<\/p>\n","protected":false},"author":1,"featured_media":0,"parent":0,"menu_order":4,"comment_status":"closed","ping_status":"closed","template":"elementor_header_footer","meta":{"footnotes":""},"yoast_head":"<!-- This site is optimized with the Yoast SEO plugin v22.1 - https:\/\/yoast.com\/wordpress\/plugins\/seo\/ -->\n<title>Productos Ap\u00edcolas - Maitex International<\/title>\n<meta name=\"description\" content=\"Muchos productos ap\u00edcolas nacen de la pasi\u00f3n y del conocimiento del mundo de las abejas.\" \/>\n<meta name=\"robots\" content=\"index, follow, max-snippet:-1, max-image-preview:large, max-video-preview:-1\" \/>\n<link rel=\"canonical\" href=\"https:\/\/www.maitexinternational.it\/es\/productos-apicolas\/\" \/>\n<meta property=\"og:locale\" content=\"es_ES\" \/>\n<meta property=\"og:type\" content=\"article\" \/>\n<meta property=\"og:title\" content=\"Productos Ap\u00edcolas - Maitex International\" \/>\n<meta property=\"og:description\" content=\"Muchos productos ap\u00edcolas nacen de la pasi\u00f3n y del conocimiento del mundo de las abejas.\" \/>\n<meta property=\"og:url\" content=\"https:\/\/www.maitexinternational.it\/es\/productos-apicolas\/\" \/>\n<meta property=\"og:site_name\" content=\"Maitex International\" \/>\n<meta property=\"article:modified_time\" content=\"2022-06-24T10:35:28+00:00\" \/>\n<meta name=\"twitter:card\" content=\"summary_large_image\" \/>\n<meta name=\"twitter:label1\" content=\"Tiempo de lectura\" \/>\n\t<meta name=\"twitter:data1\" content=\"1 minuto\" \/>\n<script type=\"application\/ld+json\" class=\"yoast-schema-graph\">{\"@context\":\"https:\/\/schema.org\",\"@graph\":[{\"@type\":\"WebPage\",\"@id\":\"https:\/\/www.maitexinternational.it\/es\/productos-apicolas\/\",\"url\":\"https:\/\/www.maitexinternational.it\/es\/productos-apicolas\/\",\"name\":\"Productos Ap\u00edcolas - Maitex International\",\"isPartOf\":{\"@id\":\"https:\/\/www.maitexinternational.it\/es\/#website\"},\"datePublished\":\"2021-10-12T08:40:04+00:00\",\"dateModified\":\"2022-06-24T10:35:28+00:00\",\"description\":\"Muchos productos ap\u00edcolas nacen de la pasi\u00f3n y del conocimiento del mundo de las abejas.\",\"breadcrumb\":{\"@id\":\"https:\/\/www.maitexinternational.it\/es\/productos-apicolas\/#breadcrumb\"},\"inLanguage\":\"es\",\"potentialAction\":[{\"@type\":\"ReadAction\",\"target\":[\"https:\/\/www.maitexinternational.it\/es\/productos-apicolas\/\"]}]},{\"@type\":\"BreadcrumbList\",\"@id\":\"https:\/\/www.maitexinternational.it\/es\/productos-apicolas\/#breadcrumb\",\"itemListElement\":[{\"@type\":\"ListItem\",\"position\":1,\"name\":\"Home\",\"item\":\"https:\/\/www.maitexinternational.it\/es\/\"},{\"@type\":\"ListItem\",\"position\":2,\"name\":\"Productos Ap\u00edcolas\"}]},{\"@type\":\"WebSite\",\"@id\":\"https:\/\/www.maitexinternational.it\/es\/#website\",\"url\":\"https:\/\/www.maitexinternational.it\/es\/\",\"name\":\"Maitex International\",\"description\":\"Materie prime vegetali ed estratti secchi\",\"publisher\":{\"@id\":\"https:\/\/www.maitexinternational.it\/es\/#organization\"},\"potentialAction\":[{\"@type\":\"SearchAction\",\"target\":{\"@type\":\"EntryPoint\",\"urlTemplate\":\"https:\/\/www.maitexinternational.it\/es\/?s={search_term_string}\"},\"query-input\":\"required name=search_term_string\"}],\"inLanguage\":\"es\"},{\"@type\":\"Organization\",\"@id\":\"https:\/\/www.maitexinternational.it\/es\/#organization\",\"name\":\"Maitex International\",\"url\":\"https:\/\/www.maitexinternational.it\/es\/\",\"logo\":{\"@type\":\"ImageObject\",\"inLanguage\":\"es\",\"@id\":\"https:\/\/www.maitexinternational.it\/es\/#\/schema\/logo\/image\/\",\"url\":\"https:\/\/www.maitexinternational.it\/wp-content\/uploads\/maitex_international.png\",\"contentUrl\":\"https:\/\/www.maitexinternational.it\/wp-content\/uploads\/maitex_international.png\",\"width\":800,\"height\":205,\"caption\":\"Maitex International\"},\"image\":{\"@id\":\"https:\/\/www.maitexinternational.it\/es\/#\/schema\/logo\/image\/\"}}]}<\/script>\n<!-- \/ Yoast SEO plugin. -->","yoast_head_json":{"title":"Productos Ap\u00edcolas - Maitex International","description":"Muchos productos ap\u00edcolas nacen de la pasi\u00f3n y del conocimiento del mundo de las abejas.","robots":{"index":"index","follow":"follow","max-snippet":"max-snippet:-1","max-image-preview":"max-image-preview:large","max-video-preview":"max-video-preview:-1"},"canonical":"https:\/\/www.maitexinternational.it\/es\/productos-apicolas\/","og_locale":"es_ES","og_type":"article","og_title":"Productos Ap\u00edcolas - Maitex International","og_description":"Muchos productos ap\u00edcolas nacen de la pasi\u00f3n y del conocimiento del mundo de las abejas.","og_url":"https:\/\/www.maitexinternational.it\/es\/productos-apicolas\/","og_site_name":"Maitex International","article_modified_time":"2022-06-24T10:35:28+00:00","twitter_card":"summary_large_image","twitter_misc":{"Tiempo de lectura":"1 minuto"},"schema":{"@context":"https:\/\/schema.org","@graph":[{"@type":"WebPage","@id":"https:\/\/www.maitexinternational.it\/es\/productos-apicolas\/","url":"https:\/\/www.maitexinternational.it\/es\/productos-apicolas\/","name":"Productos Ap\u00edcolas - Maitex International","isPartOf":{"@id":"https:\/\/www.maitexinternational.it\/es\/#website"},"datePublished":"2021-10-12T08:40:04+00:00","dateModified":"2022-06-24T10:35:28+00:00","description":"Muchos productos ap\u00edcolas nacen de la pasi\u00f3n y del conocimiento del mundo de las abejas.","breadcrumb":{"@id":"https:\/\/www.maitexinternational.it\/es\/productos-apicolas\/#breadcrumb"},"inLanguage":"es","potentialAction":[{"@type":"ReadAction","target":["https:\/\/www.maitexinternational.it\/es\/productos-apicolas\/"]}]},{"@type":"BreadcrumbList","@id":"https:\/\/www.maitexinternational.it\/es\/productos-apicolas\/#breadcrumb","itemListElement":[{"@type":"ListItem","position":1,"name":"Home","item":"https:\/\/www.maitexinternational.it\/es\/"},{"@type":"ListItem","position":2,"name":"Productos Ap\u00edcolas"}]},{"@type":"WebSite","@id":"https:\/\/www.maitexinternational.it\/es\/#website","url":"https:\/\/www.maitexinternational.it\/es\/","name":"Maitex International","description":"Materie prime vegetali ed estratti secchi","publisher":{"@id":"https:\/\/www.maitexinternational.it\/es\/#organization"},"potentialAction":[{"@type":"SearchAction","target":{"@type":"EntryPoint","urlTemplate":"https:\/\/www.maitexinternational.it\/es\/?s={search_term_string}"},"query-input":"required name=search_term_string"}],"inLanguage":"es"},{"@type":"Organization","@id":"https:\/\/www.maitexinternational.it\/es\/#organization","name":"Maitex International","url":"https:\/\/www.maitexinternational.it\/es\/","logo":{"@type":"ImageObject","inLanguage":"es","@id":"https:\/\/www.maitexinternational.it\/es\/#\/schema\/logo\/image\/","url":"https:\/\/www.maitexinternational.it\/wp-content\/uploads\/maitex_international.png","contentUrl":"https:\/\/www.maitexinternational.it\/wp-content\/uploads\/maitex_international.png","width":800,"height":205,"caption":"Maitex International"},"image":{"@id":"https:\/\/www.maitexinternational.it\/es\/#\/schema\/logo\/image\/"}}]}},"_links":{"self":[{"href":"https:\/\/www.maitexinternational.it\/es\/wp-json\/wp\/v2\/pages\/1462"}],"collection":[{"href":"https:\/\/www.maitexinternational.it\/es\/wp-json\/wp\/v2\/pages"}],"about":[{"href":"https:\/\/www.maitexinternational.it\/es\/wp-json\/wp\/v2\/types\/page"}],"author":[{"embeddable":true,"href":"https:\/\/www.maitexinternational.it\/es\/wp-json\/wp\/v2\/users\/1"}],"replies":[{"embeddable":true,"href":"https:\/\/www.maitexinternational.it\/es\/wp-json\/wp\/v2\/comments?post=1462"}],"version-history":[{"count":5,"href":"https:\/\/www.maitexinternational.it\/es\/wp-json\/wp\/v2\/pages\/1462\/revisions"}],"predecessor-version":[{"id":1472,"href":"https:\/\/www.maitexinternational.it\/es\/wp-json\/wp\/v2\/pages\/1462\/revisions\/1472"}],"wp:attachment":[{"href":"https:\/\/www.maitexinternational.it\/es\/wp-json\/wp\/v2\/media?parent=1462"}],"curies":[{"name":"wp","href":"https:\/\/api.w.org\/{rel}","templated":true}]}}