{"id":1416,"date":"2021-09-29T16:29:06","date_gmt":"2021-09-29T14:29:06","guid":{"rendered":"https:\/\/www.maitexinternational.it\/servicios\/"},"modified":"2022-06-24T11:17:02","modified_gmt":"2022-06-24T09:17:02","slug":"servicios","status":"publish","type":"page","link":"https:\/\/www.maitexinternational.it\/es\/servicios\/","title":{"rendered":"Servicios"},"content":{"rendered":"\t\t<div data-elementor-type=\"wp-page\" data-elementor-id=\"1416\" class=\"elementor elementor-1416 elementor-732\">\n\t\t\t\t\t\t<section class=\"elementor-section elementor-top-section elementor-element elementor-element-c037225 elementor-section-boxed elementor-section-height-default elementor-section-height-default\" data-id=\"c037225\" data-element_type=\"section\">\n\t\t\t\t\t\t<div class=\"elementor-container elementor-column-gap-default\">\n\t\t\t\t\t<div class=\"elementor-column elementor-col-100 elementor-top-column elementor-element elementor-element-96276fa\" data-id=\"96276fa\" data-element_type=\"column\">\n\t\t\t<div class=\"elementor-widget-wrap elementor-element-populated\">\n\t\t\t\t\t\t<div class=\"elementor-element elementor-element-82376fa elementor-widget elementor-widget-text-editor\" data-id=\"82376fa\" data-element_type=\"widget\" data-widget_type=\"text-editor.default\">\n\t\t\t\t<div class=\"elementor-widget-container\">\n\t\t\t<style>\/*! elementor - v3.19.0 - 07-02-2024 *\/\n.elementor-widget-text-editor.elementor-drop-cap-view-stacked .elementor-drop-cap{background-color:#69727d;color:#fff}.elementor-widget-text-editor.elementor-drop-cap-view-framed .elementor-drop-cap{color:#69727d;border:3px solid;background-color:transparent}.elementor-widget-text-editor:not(.elementor-drop-cap-view-default) .elementor-drop-cap{margin-top:8px}.elementor-widget-text-editor:not(.elementor-drop-cap-view-default) .elementor-drop-cap-letter{width:1em;height:1em}.elementor-widget-text-editor .elementor-drop-cap{float:left;text-align:center;line-height:1;font-size:50px}.elementor-widget-text-editor .elementor-drop-cap-letter{display:inline-block}<\/style>\t\t\t\t<p>Maitex International nace de la experiencia adquirida con los a\u00f1os de la actividad y las colaboraciones activas en muchas partes del mundo.<\/p>\n<p>Ofrecemos a nuestros clientes materias primas de alta calidad, colaboraci\u00f3n en la investigaci\u00f3n de nuevos productos y una continua adaptaci\u00f3n a las necesidades del mercado y sus normativas.<\/p>\n<p style=\"margin-bottom:0;\">Todos nuestros productos incluyen la documentaci\u00f3n cient\u00edfica y se pueden solicitar los siguientes documentos:<\/p>\t\t\t\t\t\t<\/div>\n\t\t\t\t<\/div>\n\t\t\t\t<div class=\"elementor-element elementor-element-cec940d elementor-widget elementor-widget-html\" data-id=\"cec940d\" data-element_type=\"widget\" data-widget_type=\"html.default\">\n\t\t\t\t<div class=\"elementor-widget-container\">\n\t\t\t<ul class=\"list-unstyled service-details__list m-0\">\n<li>\n    <div class=\"icon\">\n        <span class=\"icon-tick\"><\/span>\n    <\/div>\n    <div class=\"text\">\n        <h5>Hoja de especificaciones<\/h5>\n    <\/div>\n<\/li>\n<li>\n    <div class=\"icon\">\n        <span class=\"icon-tick\"><\/span>\n    <\/div>\n    <div class=\"text\">\n        <h5>Hoja de seguridad<\/h5>\n    <\/div>\n<\/li>\n<li>\n    <div class=\"icon\">\n        <span class=\"icon-tick\"><\/span>\n    <\/div>\n    <div class=\"text\">\n        <h5>Consejos de formulaci\u00f3n<\/h5>\n    <\/div>\n<\/li>\n<li>\n    <div class=\"icon\">\n        <span class=\"icon-tick\"><\/span>\n    <\/div>\n    <div class=\"text\">\n        <h5>Indicaciones legislativas<\/h5>\n    <\/div>\n<\/li>\n<\/ul>\t\t<\/div>\n\t\t\t\t<\/div>\n\t\t\t\t<div class=\"elementor-element elementor-element-e0c1f44 elementor-widget elementor-widget-text-editor\" data-id=\"e0c1f44\" data-element_type=\"widget\" data-widget_type=\"text-editor.default\">\n\t\t\t\t<div class=\"elementor-widget-container\">\n\t\t\t\t\t\t\t\u00a1Una asistencia profesional que te guiar\u00e1 y te acompa\u00f1ar\u00e1 para tomar la mejor decisi\u00f3n!\t\t\t\t\t\t<\/div>\n\t\t\t\t<\/div>\n\t\t\t\t<div class=\"elementor-element elementor-element-1ee20e9 elementor-widget elementor-widget-html\" data-id=\"1ee20e9\" data-element_type=\"widget\" data-widget_type=\"html.default\">\n\t\t\t\t<div class=\"elementor-widget-container\">\n\t\t\t<ul class=\"list-unstyled service-details__list m-0\">\n<li>\n    <div class=\"icon\">\n        <span class=\"icon-tick\"><\/span>\n    <\/div>\n    <div class=\"text\">\n        <h5>Materias primas de alta calidad<\/h5>\n    <\/div>\n<\/li>\n<li>\n    <div class=\"icon\">\n        <span class=\"icon-tick\"><\/span>\n    <\/div>\n    <div class=\"text\">\n        <h5>Documentaci\u00f3n cient\u00edfica<\/h5>\n    <\/div>\n<\/li>\n<li>\n    <div class=\"icon\">\n        <span class=\"icon-tick\"><\/span>\n    <\/div>\n    <div class=\"text\">\n        <h5>Investigaci\u00f3n de nuevos productos<\/h5>\n    <\/div>\n<\/li>\n<li>\n    <div class=\"icon\">\n        <span class=\"icon-tick\"><\/span>\n    <\/div>\n    <div class=\"text\">\n        <h5>Asistencia para la notificaci\u00f3n al \u00f3rgano competente<\/h5>\n    <\/div>\n<\/li>\n<li>\n    <div class=\"icon\">\n        <span class=\"icon-tick\"><\/span>\n    <\/div>\n    <div class=\"text\">\n        <h5>Informaci\u00f3n en el \u00e1mbito legislativo<\/h5>\n    <\/div>\n<\/li>\n<\/ul>\t\t<\/div>\n\t\t\t\t<\/div>\n\t\t\t\t\t<\/div>\n\t\t<\/div>\n\t\t\t\t\t<\/div>\n\t\t<\/section>\n\t\t\t\t<section class=\"elementor-section elementor-top-section elementor-element elementor-element-6cb52580 elementor-section-full_width elementor-section-height-default elementor-section-height-default\" data-id=\"6cb52580\" data-element_type=\"section\">\n\t\t\t\t\t\t<div class=\"elementor-container elementor-column-gap-no\">\n\t\t\t\t\t<div class=\"elementor-column elementor-col-100 elementor-top-column elementor-element elementor-element-69c515e8\" data-id=\"69c515e8\" data-element_type=\"column\">\n\t\t\t<div class=\"elementor-widget-wrap elementor-element-populated\">\n\t\t\t\t\t\t<div class=\"elementor-element elementor-element-7730323 elementor-widget elementor-widget-moniz-call-to-action\" data-id=\"7730323\" data-element_type=\"widget\" data-widget_type=\"moniz-call-to-action.default\">\n\t\t\t\t<div class=\"elementor-widget-container\">\n\t\t\t\t<!--CTA Two Start-->\r\n\t<section class=\"cta-two\">\r\n\t\t<div class=\"cta-two-shape-1\"><\/div>\r\n\t\t<div class=\"cta-two-shape-2\"><\/div>\r\n\t\t<div class=\"container\">\r\n\t\t\t<div class=\"row\">\r\n\t\t\t\t<div class=\"col-xl-12\">\r\n\t\t\t\t\t<div class=\"cta-two__inner\">\r\n\t\t\t\t\t\t\t\t\t\t\t\t\t<div class=\"cta-two__title\">\r\n\t\t\t\t\t\t\t\t<h2>Para mas informaci\u00f3n...<\/h2>\r\n\t\t\t\t\t\t\t<\/div>\r\n\t\t\t\t\t\t\r\n\r\n\t\t\t\t\t\t\r\n\t\t\t\t\t\t\t<div class=\"cta-two__btn-box\">\r\n\t\t\t\t\t\t\t\t<span><a href=\"https:\/\/www.maitexinternational.it\/es\/contacto\/\" class=\"thm-btn cta-two__btn thm-btn--dark thm-btn--dark--light-hover\"><span>CONTACTENOS<\/span><\/a><\/span>\r\n\t\t\t\t\t\t\t<\/div>\r\n\t\t\t\t\t\t\t\t\t\t\t<\/div>\r\n\t\t\t\t<\/div>\r\n\t\t\t<\/div>\r\n\t\t<\/div>\r\n\t<\/section>\r\n\t<!--CTA Two End-->\r\n\r\n\t\t<\/div>\n\t\t\t\t<\/div>\n\t\t\t\t\t<\/div>\n\t\t<\/div>\n\t\t\t\t\t<\/div>\n\t\t<\/section>\n\t\t\t\t<\/div>\n\t\t","protected":false},"excerpt":{"rendered":"<p>Maitex International nace de la experiencia adquirida con los a\u00f1os de la actividad y las colaboraciones activas en muchas partes del mundo. Ofrecemos a nuestros clientes materias primas de alta calidad, colaboraci\u00f3n en la investigaci\u00f3n de nuevos productos y una continua adaptaci\u00f3n a las necesidades del mercado y sus normativas. Todos nuestros productos incluyen la [&hellip;]<\/p>\n","protected":false},"author":1,"featured_media":0,"parent":0,"menu_order":1,"comment_status":"closed","ping_status":"closed","template":"elementor_header_footer","meta":{"footnotes":""},"yoast_head":"<!-- This site is optimized with the Yoast SEO plugin v22.1 - https:\/\/yoast.com\/wordpress\/plugins\/seo\/ -->\n<title>Servicios - Maitex International<\/title>\n<meta name=\"description\" content=\"Todos nuestros productos incluyen la documentaci\u00f3n cient\u00edfica y se pueden solicitar los siguientes documentos...\" \/>\n<meta name=\"robots\" content=\"index, follow, max-snippet:-1, max-image-preview:large, max-video-preview:-1\" \/>\n<link rel=\"canonical\" href=\"https:\/\/www.maitexinternational.it\/es\/servicios\/\" \/>\n<meta property=\"og:locale\" content=\"es_ES\" \/>\n<meta property=\"og:type\" content=\"article\" \/>\n<meta property=\"og:title\" content=\"Servicios - Maitex International\" \/>\n<meta property=\"og:description\" content=\"Todos nuestros productos incluyen la documentaci\u00f3n cient\u00edfica y se pueden solicitar los siguientes documentos...\" \/>\n<meta property=\"og:url\" content=\"https:\/\/www.maitexinternational.it\/es\/servicios\/\" \/>\n<meta property=\"og:site_name\" content=\"Maitex International\" \/>\n<meta property=\"article:modified_time\" content=\"2022-06-24T09:17:02+00:00\" \/>\n<meta name=\"twitter:card\" content=\"summary_large_image\" \/>\n<meta name=\"twitter:label1\" content=\"Tiempo de lectura\" \/>\n\t<meta name=\"twitter:data1\" content=\"1 minuto\" \/>\n<script type=\"application\/ld+json\" class=\"yoast-schema-graph\">{\"@context\":\"https:\/\/schema.org\",\"@graph\":[{\"@type\":\"WebPage\",\"@id\":\"https:\/\/www.maitexinternational.it\/es\/servicios\/\",\"url\":\"https:\/\/www.maitexinternational.it\/es\/servicios\/\",\"name\":\"Servicios - Maitex International\",\"isPartOf\":{\"@id\":\"https:\/\/www.maitexinternational.it\/es\/#website\"},\"datePublished\":\"2021-09-29T14:29:06+00:00\",\"dateModified\":\"2022-06-24T09:17:02+00:00\",\"description\":\"Todos nuestros productos incluyen la documentaci\u00f3n cient\u00edfica y se pueden solicitar los siguientes documentos...\",\"breadcrumb\":{\"@id\":\"https:\/\/www.maitexinternational.it\/es\/servicios\/#breadcrumb\"},\"inLanguage\":\"es\",\"potentialAction\":[{\"@type\":\"ReadAction\",\"target\":[\"https:\/\/www.maitexinternational.it\/es\/servicios\/\"]}]},{\"@type\":\"BreadcrumbList\",\"@id\":\"https:\/\/www.maitexinternational.it\/es\/servicios\/#breadcrumb\",\"itemListElement\":[{\"@type\":\"ListItem\",\"position\":1,\"name\":\"Home\",\"item\":\"https:\/\/www.maitexinternational.it\/es\/\"},{\"@type\":\"ListItem\",\"position\":2,\"name\":\"Servicios\"}]},{\"@type\":\"WebSite\",\"@id\":\"https:\/\/www.maitexinternational.it\/es\/#website\",\"url\":\"https:\/\/www.maitexinternational.it\/es\/\",\"name\":\"Maitex International\",\"description\":\"Materie prime vegetali ed estratti secchi\",\"publisher\":{\"@id\":\"https:\/\/www.maitexinternational.it\/es\/#organization\"},\"potentialAction\":[{\"@type\":\"SearchAction\",\"target\":{\"@type\":\"EntryPoint\",\"urlTemplate\":\"https:\/\/www.maitexinternational.it\/es\/?s={search_term_string}\"},\"query-input\":\"required name=search_term_string\"}],\"inLanguage\":\"es\"},{\"@type\":\"Organization\",\"@id\":\"https:\/\/www.maitexinternational.it\/es\/#organization\",\"name\":\"Maitex International\",\"url\":\"https:\/\/www.maitexinternational.it\/es\/\",\"logo\":{\"@type\":\"ImageObject\",\"inLanguage\":\"es\",\"@id\":\"https:\/\/www.maitexinternational.it\/es\/#\/schema\/logo\/image\/\",\"url\":\"https:\/\/www.maitexinternational.it\/wp-content\/uploads\/maitex_international.png\",\"contentUrl\":\"https:\/\/www.maitexinternational.it\/wp-content\/uploads\/maitex_international.png\",\"width\":800,\"height\":205,\"caption\":\"Maitex International\"},\"image\":{\"@id\":\"https:\/\/www.maitexinternational.it\/es\/#\/schema\/logo\/image\/\"}}]}<\/script>\n<!-- \/ Yoast SEO plugin. -->","yoast_head_json":{"title":"Servicios - Maitex International","description":"Todos nuestros productos incluyen la documentaci\u00f3n cient\u00edfica y se pueden solicitar los siguientes documentos...","robots":{"index":"index","follow":"follow","max-snippet":"max-snippet:-1","max-image-preview":"max-image-preview:large","max-video-preview":"max-video-preview:-1"},"canonical":"https:\/\/www.maitexinternational.it\/es\/servicios\/","og_locale":"es_ES","og_type":"article","og_title":"Servicios - Maitex International","og_description":"Todos nuestros productos incluyen la documentaci\u00f3n cient\u00edfica y se pueden solicitar los siguientes documentos...","og_url":"https:\/\/www.maitexinternational.it\/es\/servicios\/","og_site_name":"Maitex International","article_modified_time":"2022-06-24T09:17:02+00:00","twitter_card":"summary_large_image","twitter_misc":{"Tiempo de lectura":"1 minuto"},"schema":{"@context":"https:\/\/schema.org","@graph":[{"@type":"WebPage","@id":"https:\/\/www.maitexinternational.it\/es\/servicios\/","url":"https:\/\/www.maitexinternational.it\/es\/servicios\/","name":"Servicios - Maitex International","isPartOf":{"@id":"https:\/\/www.maitexinternational.it\/es\/#website"},"datePublished":"2021-09-29T14:29:06+00:00","dateModified":"2022-06-24T09:17:02+00:00","description":"Todos nuestros productos incluyen la documentaci\u00f3n cient\u00edfica y se pueden solicitar los siguientes documentos...","breadcrumb":{"@id":"https:\/\/www.maitexinternational.it\/es\/servicios\/#breadcrumb"},"inLanguage":"es","potentialAction":[{"@type":"ReadAction","target":["https:\/\/www.maitexinternational.it\/es\/servicios\/"]}]},{"@type":"BreadcrumbList","@id":"https:\/\/www.maitexinternational.it\/es\/servicios\/#breadcrumb","itemListElement":[{"@type":"ListItem","position":1,"name":"Home","item":"https:\/\/www.maitexinternational.it\/es\/"},{"@type":"ListItem","position":2,"name":"Servicios"}]},{"@type":"WebSite","@id":"https:\/\/www.maitexinternational.it\/es\/#website","url":"https:\/\/www.maitexinternational.it\/es\/","name":"Maitex International","description":"Materie prime vegetali ed estratti secchi","publisher":{"@id":"https:\/\/www.maitexinternational.it\/es\/#organization"},"potentialAction":[{"@type":"SearchAction","target":{"@type":"EntryPoint","urlTemplate":"https:\/\/www.maitexinternational.it\/es\/?s={search_term_string}"},"query-input":"required name=search_term_string"}],"inLanguage":"es"},{"@type":"Organization","@id":"https:\/\/www.maitexinternational.it\/es\/#organization","name":"Maitex International","url":"https:\/\/www.maitexinternational.it\/es\/","logo":{"@type":"ImageObject","inLanguage":"es","@id":"https:\/\/www.maitexinternational.it\/es\/#\/schema\/logo\/image\/","url":"https:\/\/www.maitexinternational.it\/wp-content\/uploads\/maitex_international.png","contentUrl":"https:\/\/www.maitexinternational.it\/wp-content\/uploads\/maitex_international.png","width":800,"height":205,"caption":"Maitex International"},"image":{"@id":"https:\/\/www.maitexinternational.it\/es\/#\/schema\/logo\/image\/"}}]}},"_links":{"self":[{"href":"https:\/\/www.maitexinternational.it\/es\/wp-json\/wp\/v2\/pages\/1416"}],"collection":[{"href":"https:\/\/www.maitexinternational.it\/es\/wp-json\/wp\/v2\/pages"}],"about":[{"href":"https:\/\/www.maitexinternational.it\/es\/wp-json\/wp\/v2\/types\/page"}],"author":[{"embeddable":true,"href":"https:\/\/www.maitexinternational.it\/es\/wp-json\/wp\/v2\/users\/1"}],"replies":[{"embeddable":true,"href":"https:\/\/www.maitexinternational.it\/es\/wp-json\/wp\/v2\/comments?post=1416"}],"version-history":[{"count":5,"href":"https:\/\/www.maitexinternational.it\/es\/wp-json\/wp\/v2\/pages\/1416\/revisions"}],"predecessor-version":[{"id":1428,"href":"https:\/\/www.maitexinternational.it\/es\/wp-json\/wp\/v2\/pages\/1416\/revisions\/1428"}],"wp:attachment":[{"href":"https:\/\/www.maitexinternational.it\/es\/wp-json\/wp\/v2\/media?parent=1416"}],"curies":[{"name":"wp","href":"https:\/\/api.w.org\/{rel}","templated":true}]}}